{"id":8,"date":"2024-12-13T17:53:10","date_gmt":"2024-12-13T17:53:10","guid":{"rendered":"https:\/\/staging.asesoriabaer.com\/?page_id=8"},"modified":"2024-12-16T09:10:04","modified_gmt":"2024-12-16T09:10:04","slug":"asesoria-baer","status":"publish","type":"page","link":"https:\/\/asesoriabaer.com\/","title":{"rendered":"Asesor\u00eda Baer"},"content":{"rendered":"\t\t<div data-elementor-type=\"wp-page\" data-elementor-id=\"8\" class=\"elementor elementor-8\" data-elementor-post-type=\"page\">\n\t\t\t\t<div class=\"elementor-element elementor-element-8fceb5d e-con-full e-flex e-con e-parent\" data-id=\"8fceb5d\" data-element_type=\"container\" data-e-type=\"container\">\n\t\t<div class=\"elementor-element elementor-element-9d9419b e-con-full e-flex e-con e-child\" data-id=\"9d9419b\" data-element_type=\"container\" data-e-type=\"container\" data-settings=\"{&quot;background_background&quot;:&quot;classic&quot;}\">\n\t\t<div class=\"elementor-element elementor-element-db72422 e-con-full e-flex e-con e-child\" data-id=\"db72422\" data-element_type=\"container\" data-e-type=\"container\">\n\t\t\t\t<div class=\"elementor-element elementor-element-d8eea8c elementor-widget elementor-widget-heading\" data-id=\"d8eea8c\" data-element_type=\"widget\" data-e-type=\"widget\" data-widget_type=\"heading.default\">\n\t\t\t\t<div class=\"elementor-widget-container\">\n\t\t\t\t\t<h1 class=\"elementor-heading-title elementor-size-default\">Asesor\u00eda Baer<\/h1>\t\t\t\t<\/div>\n\t\t\t\t<\/div>\n\t\t\t\t<div class=\"elementor-element elementor-element-acfb9c8 elementor-widget elementor-widget-text-editor\" data-id=\"acfb9c8\" data-element_type=\"widget\" data-e-type=\"widget\" data-widget_type=\"text-editor.default\">\n\t\t\t\t<div class=\"elementor-widget-container\">\n\t\t\t\t\t\t\t\t\t<p class=\"intro-text\">ASESORAMIENTO AL CLIENTE DESDE 1974<\/p>\t\t\t\t\t\t\t\t<\/div>\n\t\t\t\t<\/div>\n\t\t\t\t<\/div>\n\t\t<div class=\"elementor-element elementor-element-b318c76 e-con-full elementor-hidden-tablet elementor-hidden-mobile e-flex e-con e-child\" data-id=\"b318c76\" data-element_type=\"container\" data-e-type=\"container\">\n\t\t\t\t<div class=\"elementor-element elementor-element-bb97a1b elementor-widget elementor-widget-image\" data-id=\"bb97a1b\" data-element_type=\"widget\" data-e-type=\"widget\" data-widget_type=\"image.default\">\n\t\t\t\t<div class=\"elementor-widget-container\">\n\t\t\t\t\t\t\t\t\t\t\t\t\t\t\t\t<a href=\"https:\/\/asesoriabaer.com\/?page_id=155\">\n\t\t\t\t\t\t\t<img fetchpriority=\"high\" decoding=\"async\" width=\"1858\" height=\"1877\" src=\"https:\/\/asesoriabaer.com\/wp-content\/uploads\/2024\/12\/BAER-ASESORIA-TIPOS-ASESORAMIENTO.webp\" class=\"attachment-full size-full wp-image-215\" alt=\"\" srcset=\"https:\/\/asesoriabaer.com\/wp-content\/uploads\/2024\/12\/BAER-ASESORIA-TIPOS-ASESORAMIENTO.webp 1858w, https:\/\/asesoriabaer.com\/wp-content\/uploads\/2024\/12\/BAER-ASESORIA-TIPOS-ASESORAMIENTO-297x300.webp 297w, https:\/\/asesoriabaer.com\/wp-content\/uploads\/2024\/12\/BAER-ASESORIA-TIPOS-ASESORAMIENTO-1014x1024.webp 1014w, https:\/\/asesoriabaer.com\/wp-content\/uploads\/2024\/12\/BAER-ASESORIA-TIPOS-ASESORAMIENTO-768x776.webp 768w, https:\/\/asesoriabaer.com\/wp-content\/uploads\/2024\/12\/BAER-ASESORIA-TIPOS-ASESORAMIENTO-1520x1536.webp 1520w\" sizes=\"(max-width: 1858px) 100vw, 1858px\" \/>\t\t\t\t\t\t\t\t<\/a>\n\t\t\t\t\t\t\t\t\t\t\t\t\t\t\t<\/div>\n\t\t\t\t<\/div>\n\t\t\t\t<\/div>\n\t\t\t\t<\/div>\n\t\t\t\t<\/div>\n\t\t<div class=\"elementor-element elementor-element-254f3d3 e-flex e-con-boxed e-con e-parent\" data-id=\"254f3d3\" data-element_type=\"container\" data-e-type=\"container\">\n\t\t\t\t\t<div class=\"e-con-inner\">\n\t\t\t\t<div class=\"elementor-element elementor-element-36aedfe elementor-widget elementor-widget-heading\" data-id=\"36aedfe\" data-element_type=\"widget\" data-e-type=\"widget\" data-widget_type=\"heading.default\">\n\t\t\t\t<div class=\"elementor-widget-container\">\n\t\t\t\t\t<h2 class=\"elementor-heading-title elementor-size-default\">TODOS NUESTROS SERVICIOS POR DEPARTAMENTOS<\/h2>\t\t\t\t<\/div>\n\t\t\t\t<\/div>\n\t\t\t\t\t<\/div>\n\t\t\t\t<\/div>\n\t\t<div class=\"elementor-element elementor-element-0cc7638 e-flex e-con-boxed e-con e-parent\" data-id=\"0cc7638\" data-element_type=\"container\" data-e-type=\"container\">\n\t\t\t\t\t<div class=\"e-con-inner\">\n\t\t<div class=\"elementor-element elementor-element-936962f e-con-full e-flex e-con e-child\" data-id=\"936962f\" data-element_type=\"container\" data-e-type=\"container\">\n\t\t\t\t<div class=\"elementor-element elementor-element-4e8e187 elementor-position-top elementor-widget elementor-widget-image-box\" data-id=\"4e8e187\" data-element_type=\"widget\" data-e-type=\"widget\" data-widget_type=\"image-box.default\">\n\t\t\t\t<div class=\"elementor-widget-container\">\n\t\t\t\t\t<div class=\"elementor-image-box-wrapper\"><figure class=\"elementor-image-box-img\"><a href=\"https:\/\/asesoriabaer.com\/?page_id=148\" tabindex=\"-1\"><img decoding=\"async\" width=\"1500\" height=\"1280\" src=\"https:\/\/asesoriabaer.com\/wp-content\/uploads\/2024\/12\/DEPARTAMENTO-SEGUROS-GENERALES.webp\" class=\"attachment-full size-full wp-image-94\" alt=\"\" srcset=\"https:\/\/asesoriabaer.com\/wp-content\/uploads\/2024\/12\/DEPARTAMENTO-SEGUROS-GENERALES.webp 1500w, https:\/\/asesoriabaer.com\/wp-content\/uploads\/2024\/12\/DEPARTAMENTO-SEGUROS-GENERALES-300x256.webp 300w, https:\/\/asesoriabaer.com\/wp-content\/uploads\/2024\/12\/DEPARTAMENTO-SEGUROS-GENERALES-1024x874.webp 1024w, https:\/\/asesoriabaer.com\/wp-content\/uploads\/2024\/12\/DEPARTAMENTO-SEGUROS-GENERALES-768x655.webp 768w\" sizes=\"(max-width: 1500px) 100vw, 1500px\" \/><\/a><\/figure><div class=\"elementor-image-box-content\"><h3 class=\"elementor-image-box-title\"><a href=\"https:\/\/asesoriabaer.com\/?page_id=148\">DEPARTAMENTO SEGUROS GENERALES<\/a><\/h3><p class=\"elementor-image-box-description\">Asesoramiento para la contrataci\u00f3n de seguros.<\/p><\/div><\/div>\t\t\t\t<\/div>\n\t\t\t\t<\/div>\n\t\t\t\t<\/div>\n\t\t<div class=\"elementor-element elementor-element-125ac14 e-con-full e-flex e-con e-child\" data-id=\"125ac14\" data-element_type=\"container\" data-e-type=\"container\">\n\t\t\t\t<div class=\"elementor-element elementor-element-b180920 elementor-position-top elementor-widget elementor-widget-image-box\" data-id=\"b180920\" data-element_type=\"widget\" data-e-type=\"widget\" data-widget_type=\"image-box.default\">\n\t\t\t\t<div class=\"elementor-widget-container\">\n\t\t\t\t\t<div class=\"elementor-image-box-wrapper\"><figure class=\"elementor-image-box-img\"><a href=\"https:\/\/asesoriabaer.com\/?page_id=146\" tabindex=\"-1\"><img decoding=\"async\" width=\"1501\" height=\"1500\" src=\"https:\/\/asesoriabaer.com\/wp-content\/uploads\/2024\/12\/DEPARTAMENTO-FISCAL-CONTABLE.webp\" class=\"attachment-full size-full wp-image-87\" alt=\"\" srcset=\"https:\/\/asesoriabaer.com\/wp-content\/uploads\/2024\/12\/DEPARTAMENTO-FISCAL-CONTABLE.webp 1501w, https:\/\/asesoriabaer.com\/wp-content\/uploads\/2024\/12\/DEPARTAMENTO-FISCAL-CONTABLE-300x300.webp 300w, https:\/\/asesoriabaer.com\/wp-content\/uploads\/2024\/12\/DEPARTAMENTO-FISCAL-CONTABLE-1024x1024.webp 1024w, https:\/\/asesoriabaer.com\/wp-content\/uploads\/2024\/12\/DEPARTAMENTO-FISCAL-CONTABLE-150x150.webp 150w, https:\/\/asesoriabaer.com\/wp-content\/uploads\/2024\/12\/DEPARTAMENTO-FISCAL-CONTABLE-768x767.webp 768w\" sizes=\"(max-width: 1501px) 100vw, 1501px\" \/><\/a><\/figure><div class=\"elementor-image-box-content\"><h3 class=\"elementor-image-box-title\"><a href=\"https:\/\/asesoriabaer.com\/?page_id=146\">DEPARTAMENTO FISCAL-CONTABLE<\/a><\/h3><p class=\"elementor-image-box-description\">Elaboramos contabilidad y presentamos libros y cuentas ante los diversos organismos as\u00ed como la presentaci\u00f3n de impuestos.<\/p><\/div><\/div>\t\t\t\t<\/div>\n\t\t\t\t<\/div>\n\t\t\t\t<\/div>\n\t\t<div class=\"elementor-element elementor-element-919ade9 e-con-full e-flex e-con e-child\" data-id=\"919ade9\" data-element_type=\"container\" data-e-type=\"container\">\n\t\t\t\t<div class=\"elementor-element elementor-element-3aebf02 elementor-position-top elementor-widget elementor-widget-image-box\" data-id=\"3aebf02\" data-element_type=\"widget\" data-e-type=\"widget\" data-widget_type=\"image-box.default\">\n\t\t\t\t<div class=\"elementor-widget-container\">\n\t\t\t\t\t<div class=\"elementor-image-box-wrapper\"><figure class=\"elementor-image-box-img\"><a href=\"https:\/\/asesoriabaer.com\/?page_id=153\" tabindex=\"-1\"><img loading=\"lazy\" decoding=\"async\" width=\"1001\" height=\"919\" src=\"https:\/\/asesoriabaer.com\/wp-content\/uploads\/2024\/12\/DEPARTAMENTO-RENTA-ESCRITURAS-Y-HERENCIAS.webp\" class=\"attachment-full size-full wp-image-130\" alt=\"\" srcset=\"https:\/\/asesoriabaer.com\/wp-content\/uploads\/2024\/12\/DEPARTAMENTO-RENTA-ESCRITURAS-Y-HERENCIAS.webp 1001w, https:\/\/asesoriabaer.com\/wp-content\/uploads\/2024\/12\/DEPARTAMENTO-RENTA-ESCRITURAS-Y-HERENCIAS-300x275.webp 300w, https:\/\/asesoriabaer.com\/wp-content\/uploads\/2024\/12\/DEPARTAMENTO-RENTA-ESCRITURAS-Y-HERENCIAS-768x705.webp 768w\" sizes=\"(max-width: 1001px) 100vw, 1001px\" \/><\/a><\/figure><div class=\"elementor-image-box-content\"><h3 class=\"elementor-image-box-title\"><a href=\"https:\/\/asesoriabaer.com\/?page_id=153\">DEPARTAMENTO RENTA, ESCRITURAS Y HERENCIAS<\/a><\/h3><p class=\"elementor-image-box-description\">Elaboraci\u00f3n de rentas. Asesoramiento. Elaboraci\u00f3n de escrituras.<\/p><\/div><\/div>\t\t\t\t<\/div>\n\t\t\t\t<\/div>\n\t\t\t\t<\/div>\n\t\t<div class=\"elementor-element elementor-element-9a0d269 e-con-full e-flex e-con e-child\" data-id=\"9a0d269\" data-element_type=\"container\" data-e-type=\"container\">\n\t\t\t\t<div class=\"elementor-element elementor-element-74ff8db elementor-position-top elementor-widget elementor-widget-image-box\" data-id=\"74ff8db\" data-element_type=\"widget\" data-e-type=\"widget\" data-widget_type=\"image-box.default\">\n\t\t\t\t<div class=\"elementor-widget-container\">\n\t\t\t\t\t<div class=\"elementor-image-box-wrapper\"><figure class=\"elementor-image-box-img\"><a href=\"https:\/\/asesoriabaer.com\/?page_id=151\" tabindex=\"-1\"><img loading=\"lazy\" decoding=\"async\" width=\"1001\" height=\"977\" src=\"https:\/\/asesoriabaer.com\/wp-content\/uploads\/2024\/12\/DEPARTAMENTO-DE-NOMINAS-1.webp\" class=\"attachment-full size-full wp-image-71\" alt=\"\" srcset=\"https:\/\/asesoriabaer.com\/wp-content\/uploads\/2024\/12\/DEPARTAMENTO-DE-NOMINAS-1.webp 1001w, https:\/\/asesoriabaer.com\/wp-content\/uploads\/2024\/12\/DEPARTAMENTO-DE-NOMINAS-1-300x293.webp 300w, https:\/\/asesoriabaer.com\/wp-content\/uploads\/2024\/12\/DEPARTAMENTO-DE-NOMINAS-1-768x750.webp 768w\" sizes=\"(max-width: 1001px) 100vw, 1001px\" \/><\/a><\/figure><div class=\"elementor-image-box-content\"><h3 class=\"elementor-image-box-title\"><a href=\"https:\/\/asesoriabaer.com\/?page_id=151\">DEPARTAMENTO CONTRATACI\u00d3N-N\u00d3MINAS<\/a><\/h3><p class=\"elementor-image-box-description\">Gesti\u00f3n de contratos, n\u00f3minas y seguridad social.Asesoramiento laboral.<\/p><\/div><\/div>\t\t\t\t<\/div>\n\t\t\t\t<\/div>\n\t\t\t\t<\/div>\n\t\t\t\t\t<\/div>\n\t\t\t\t<\/div>\n\t\t<div class=\"elementor-element elementor-element-8af4b9a e-flex e-con-boxed e-con e-parent\" data-id=\"8af4b9a\" data-element_type=\"container\" data-e-type=\"container\">\n\t\t\t\t\t<div class=\"e-con-inner\">\n\t\t\t\t<div class=\"elementor-element elementor-element-1923057 elementor-widget elementor-widget-heading\" data-id=\"1923057\" data-element_type=\"widget\" data-e-type=\"widget\" data-widget_type=\"heading.default\">\n\t\t\t\t<div class=\"elementor-widget-container\">\n\t\t\t\t\t<h3 class=\"elementor-heading-title elementor-size-default\">\u00bfPor qu\u00e9 elegirnos?<\/h3>\t\t\t\t<\/div>\n\t\t\t\t<\/div>\n\t\t\t\t<div class=\"elementor-element elementor-element-714a180 elementor-widget elementor-widget-text-editor\" data-id=\"714a180\" data-element_type=\"widget\" data-e-type=\"widget\" data-widget_type=\"text-editor.default\">\n\t\t\t\t<div class=\"elementor-widget-container\">\n\t\t\t\t\t\t\t\t\t<ul data-spread=\"false\" data-pm-slice=\"3 3 []\"><li><p><strong>Experiencia y confianza:<\/strong> Desde 1974, miles de clientes han confiado en nosotros por nuestra profesionalidad y compromiso.<\/p><\/li><li><p><strong>Atenci\u00f3n personalizada:<\/strong> Adaptamos nuestras soluciones a las necesidades espec\u00edficas de cada cliente.<\/p><\/li><li><p><strong>Equipo multidisciplinar:<\/strong> Contamos con expertos en diferentes \u00e1reas para ofrecer un servicio integral.<\/p><\/li><li><p><strong>Ubicaci\u00f3n c\u00f3moda:<\/strong> Estamos en Ir\u00fan, centro neur\u00e1lgico de Gipuzkoa, con f\u00e1cil acceso.<\/p><\/li><\/ul>\t\t\t\t\t\t\t\t<\/div>\n\t\t\t\t<\/div>\n\t\t\t\t\t<\/div>\n\t\t\t\t<\/div>\n\t\t<div class=\"elementor-element elementor-element-49f68b6 e-flex e-con-boxed e-con e-parent\" data-id=\"49f68b6\" data-element_type=\"container\" data-e-type=\"container\">\n\t\t\t\t\t<div class=\"e-con-inner\">\n\t\t\t\t<div class=\"elementor-element elementor-element-90cb5bb elementor-widget-divider--view-line elementor-widget elementor-widget-divider\" data-id=\"90cb5bb\" data-element_type=\"widget\" data-e-type=\"widget\" data-widget_type=\"divider.default\">\n\t\t\t\t<div class=\"elementor-widget-container\">\n\t\t\t\t\t\t\t<div class=\"elementor-divider\">\n\t\t\t<span class=\"elementor-divider-separator\">\n\t\t\t\t\t\t<\/span>\n\t\t<\/div>\n\t\t\t\t\t\t<\/div>\n\t\t\t\t<\/div>\n\t\t\t\t\t<\/div>\n\t\t\t\t<\/div>\n\t\t<div class=\"elementor-element elementor-element-1201125 e-flex e-con-boxed e-con e-parent\" data-id=\"1201125\" data-element_type=\"container\" data-e-type=\"container\">\n\t\t\t\t\t<div class=\"e-con-inner\">\n\t\t\t\t<div class=\"elementor-element elementor-element-7fa2ca0 elementor-widget elementor-widget-heading\" data-id=\"7fa2ca0\" data-element_type=\"widget\" data-e-type=\"widget\" data-widget_type=\"heading.default\">\n\t\t\t\t<div class=\"elementor-widget-container\">\n\t\t\t\t\t<span class=\"elementor-heading-title elementor-size-default\">Contacto general... \"Para cada departamento tiene enlace en el pi\u00e9 de p\u00e1gina\"<\/span>\t\t\t\t<\/div>\n\t\t\t\t<\/div>\n\t\t\t\t\t<\/div>\n\t\t\t\t<\/div>\n\t\t<div class=\"elementor-element elementor-element-c4a7f54 e-flex e-con-boxed e-con e-parent\" data-id=\"c4a7f54\" data-element_type=\"container\" data-e-type=\"container\">\n\t\t\t\t\t<div class=\"e-con-inner\">\n\t\t<div class=\"elementor-element elementor-element-8c78c97 e-con-full e-flex e-con e-child\" data-id=\"8c78c97\" data-element_type=\"container\" data-e-type=\"container\">\n\t\t\t\t<div class=\"elementor-element elementor-element-219ae4d elementor-icon-list--layout-traditional elementor-list-item-link-full_width elementor-widget elementor-widget-icon-list\" data-id=\"219ae4d\" data-element_type=\"widget\" data-e-type=\"widget\" data-widget_type=\"icon-list.default\">\n\t\t\t\t<div class=\"elementor-widget-container\">\n\t\t\t\t\t\t\t<ul class=\"elementor-icon-list-items\">\n\t\t\t\t\t\t\t<li class=\"elementor-icon-list-item\">\n\t\t\t\t\t\t\t\t\t\t\t<span class=\"elementor-icon-list-icon\">\n\t\t\t\t\t\t\t<svg aria-hidden=\"true\" class=\"e-font-icon-svg e-fas-map-marker-alt\" viewBox=\"0 0 384 512\" xmlns=\"http:\/\/www.w3.org\/2000\/svg\"><path d=\"M172.268 501.67C26.97 291.031 0 269.413 0 192 0 85.961 85.961 0 192 0s192 85.961 192 192c0 77.413-26.97 99.031-172.268 309.67-9.535 13.774-29.93 13.773-39.464 0zM192 272c44.183 0 80-35.817 80-80s-35.817-80-80-80-80 35.817-80 80 35.817 80 80 80z\"><\/path><\/svg>\t\t\t\t\t\t<\/span>\n\t\t\t\t\t\t\t\t\t\t<span class=\"elementor-icon-list-text\">Avenida iparralde, 3 - 00, irun, 20302, gipuzkoa<\/span>\n\t\t\t\t\t\t\t\t\t<\/li>\n\t\t\t\t\t\t\t\t<li class=\"elementor-icon-list-item\">\n\t\t\t\t\t\t\t\t\t\t\t<span class=\"elementor-icon-list-icon\">\n\t\t\t\t\t\t\t<svg aria-hidden=\"true\" class=\"e-font-icon-svg e-fas-phone-square-alt\" viewBox=\"0 0 448 512\" xmlns=\"http:\/\/www.w3.org\/2000\/svg\"><path d=\"M400 32H48A48 48 0 0 0 0 80v352a48 48 0 0 0 48 48h352a48 48 0 0 0 48-48V80a48 48 0 0 0-48-48zm-16.39 307.37l-15 65A15 15 0 0 1 354 416C194 416 64 286.29 64 126a15.7 15.7 0 0 1 11.63-14.61l65-15A18.23 18.23 0 0 1 144 96a16.27 16.27 0 0 1 13.79 9.09l30 70A17.9 17.9 0 0 1 189 181a17 17 0 0 1-5.5 11.61l-37.89 31a231.91 231.91 0 0 0 110.78 110.78l31-37.89A17 17 0 0 1 299 291a17.85 17.85 0 0 1 5.91 1.21l70 30A16.25 16.25 0 0 1 384 336a17.41 17.41 0 0 1-.39 3.37z\"><\/path><\/svg>\t\t\t\t\t\t<\/span>\n\t\t\t\t\t\t\t\t\t\t<span class=\"elementor-icon-list-text\">943 63 99 97<\/span>\n\t\t\t\t\t\t\t\t\t<\/li>\n\t\t\t\t\t\t\t\t<li class=\"elementor-icon-list-item\">\n\t\t\t\t\t\t\t\t\t\t\t<span class=\"elementor-icon-list-icon\">\n\t\t\t\t\t\t\t<svg aria-hidden=\"true\" class=\"e-font-icon-svg e-fas-fax\" viewBox=\"0 0 512 512\" xmlns=\"http:\/\/www.w3.org\/2000\/svg\"><path d=\"M480 160V77.25a32 32 0 0 0-9.38-22.63L425.37 9.37A32 32 0 0 0 402.75 0H160a32 32 0 0 0-32 32v448a32 32 0 0 0 32 32h320a32 32 0 0 0 32-32V192a32 32 0 0 0-32-32zM288 432a16 16 0 0 1-16 16h-32a16 16 0 0 1-16-16v-32a16 16 0 0 1 16-16h32a16 16 0 0 1 16 16zm0-128a16 16 0 0 1-16 16h-32a16 16 0 0 1-16-16v-32a16 16 0 0 1 16-16h32a16 16 0 0 1 16 16zm128 128a16 16 0 0 1-16 16h-32a16 16 0 0 1-16-16v-32a16 16 0 0 1 16-16h32a16 16 0 0 1 16 16zm0-128a16 16 0 0 1-16 16h-32a16 16 0 0 1-16-16v-32a16 16 0 0 1 16-16h32a16 16 0 0 1 16 16zm0-112H192V64h160v48a16 16 0 0 0 16 16h48zM64 128H32a32 32 0 0 0-32 32v320a32 32 0 0 0 32 32h32a32 32 0 0 0 32-32V160a32 32 0 0 0-32-32z\"><\/path><\/svg>\t\t\t\t\t\t<\/span>\n\t\t\t\t\t\t\t\t\t\t<span class=\"elementor-icon-list-text\">Fax: 943632768<\/span>\n\t\t\t\t\t\t\t\t\t<\/li>\n\t\t\t\t\t\t\t\t<li class=\"elementor-icon-list-item\">\n\t\t\t\t\t\t\t\t\t\t\t<span class=\"elementor-icon-list-icon\">\n\t\t\t\t\t\t\t<svg aria-hidden=\"true\" class=\"e-font-icon-svg e-fas-mail-bulk\" viewBox=\"0 0 576 512\" xmlns=\"http:\/\/www.w3.org\/2000\/svg\"><path d=\"M160 448c-25.6 0-51.2-22.4-64-32-64-44.8-83.2-60.8-96-70.4V480c0 17.67 14.33 32 32 32h256c17.67 0 32-14.33 32-32V345.6c-12.8 9.6-32 25.6-96 70.4-12.8 9.6-38.4 32-64 32zm128-192H32c-17.67 0-32 14.33-32 32v16c25.6 19.2 22.4 19.2 115.2 86.4 9.6 6.4 28.8 25.6 44.8 25.6s35.2-19.2 44.8-22.4c92.8-67.2 89.6-67.2 115.2-86.4V288c0-17.67-14.33-32-32-32zm256-96H224c-17.67 0-32 14.33-32 32v32h96c33.21 0 60.59 25.42 63.71 57.82l.29-.22V416h192c17.67 0 32-14.33 32-32V192c0-17.67-14.33-32-32-32zm-32 128h-64v-64h64v64zm-352-96c0-35.29 28.71-64 64-64h224V32c0-17.67-14.33-32-32-32H96C78.33 0 64 14.33 64 32v192h96v-32z\"><\/path><\/svg>\t\t\t\t\t\t<\/span>\n\t\t\t\t\t\t\t\t\t\t<span class=\"elementor-icon-list-text\">Email: baer@asesoriabaer.com<\/span>\n\t\t\t\t\t\t\t\t\t<\/li>\n\t\t\t\t\t\t<\/ul>\n\t\t\t\t\t\t<\/div>\n\t\t\t\t<\/div>\n\t\t\t\t<div class=\"elementor-element elementor-element-5777a3f elementor-widget elementor-widget-google_maps\" data-id=\"5777a3f\" data-element_type=\"widget\" data-e-type=\"widget\" data-widget_type=\"google_maps.default\">\n\t\t\t\t<div class=\"elementor-widget-container\">\n\t\t\t\t\t\t\t<div class=\"elementor-custom-embed\">\n\t\t\t<iframe loading=\"lazy\"\n\t\t\t\t\tsrc=\"https:\/\/maps.google.com\/maps?q=Avenida%20iparralde%2C%203%20-%2000%2C%20irun%2C%20gipuzkoa%20%28Espa%C3%B1a%29&#038;t=m&#038;z=10&#038;output=embed&#038;iwloc=near\"\n\t\t\t\t\ttitle=\"Avenida iparralde, 3 - 00, irun, gipuzkoa (Espa\u00f1a)\"\n\t\t\t\t\taria-label=\"Avenida iparralde, 3 - 00, irun, gipuzkoa (Espa\u00f1a)\"\n\t\t\t><\/iframe>\n\t\t<\/div>\n\t\t\t\t\t\t<\/div>\n\t\t\t\t<\/div>\n\t\t\t\t<\/div>\n\t\t<div class=\"elementor-element elementor-element-f4d07d0 e-con-full e-flex e-con e-child\" data-id=\"f4d07d0\" data-element_type=\"container\" data-e-type=\"container\">\n\t\t\t\t<div class=\"elementor-element elementor-element-fce8deb elementor-widget elementor-widget-heading\" data-id=\"fce8deb\" data-element_type=\"widget\" data-e-type=\"widget\" data-widget_type=\"heading.default\">\n\t\t\t\t<div class=\"elementor-widget-container\">\n\t\t\t\t\t<span class=\"elementor-heading-title elementor-size-default\">Formulario de cont\u00e1cto<\/span>\t\t\t\t<\/div>\n\t\t\t\t<\/div>\n\t\t\t\t<div class=\"elementor-element elementor-element-6e7e0ac elementor-button-align-stretch elementor-widget elementor-widget-form\" data-id=\"6e7e0ac\" data-element_type=\"widget\" data-e-type=\"widget\" data-settings=\"{&quot;step_next_label&quot;:&quot;Siguiente&quot;,&quot;step_previous_label&quot;:&quot;Anterior&quot;,&quot;button_width&quot;:&quot;100&quot;,&quot;step_type&quot;:&quot;number_text&quot;,&quot;step_icon_shape&quot;:&quot;circle&quot;}\" data-widget_type=\"form.default\">\n\t\t\t\t<div class=\"elementor-widget-container\">\n\t\t\t\t\t\t\t<form class=\"elementor-form\" method=\"post\" name=\"Nuevo formulario\">\n\t\t\t<input type=\"hidden\" name=\"post_id\" value=\"8\"\/>\n\t\t\t<input type=\"hidden\" name=\"form_id\" value=\"6e7e0ac\"\/>\n\t\t\t<input type=\"hidden\" name=\"referer_title\" value=\"\" \/>\n\n\t\t\t\n\t\t\t<div class=\"elementor-form-fields-wrapper elementor-labels-above\">\n\t\t\t\t\t\t\t\t<div class=\"elementor-field-type-text elementor-field-group elementor-column elementor-field-group-name elementor-col-60\">\n\t\t\t\t\t\t\t\t\t\t\t\t\t<input size=\"1\" type=\"text\" name=\"form_fields[name]\" id=\"form-field-name\" class=\"elementor-field elementor-size-sm  elementor-field-textual\" placeholder=\"Nombre\">\n\t\t\t\t\t\t\t\t\t\t\t<\/div>\n\t\t\t\t\t\t\t\t<div class=\"elementor-field-type-tel elementor-field-group elementor-column elementor-field-group-field_1b576fd elementor-col-40\">\n\t\t\t\t\t\t\t<input size=\"1\" type=\"tel\" name=\"form_fields[field_1b576fd]\" id=\"form-field-field_1b576fd\" class=\"elementor-field elementor-size-sm  elementor-field-textual\" placeholder=\"Tel\u00e9fono\" pattern=\"[0-9()#&amp;+*-=.]+\" title=\"Solo se aceptan n\u00fameros y caracteres de tel\u00e9fono (#,-,*,etc).\">\n\n\t\t\t\t\t\t<\/div>\n\t\t\t\t\t\t\t\t<div class=\"elementor-field-type-email elementor-field-group elementor-column elementor-field-group-email elementor-col-100 elementor-field-required\">\n\t\t\t\t\t\t\t\t\t\t\t\t\t<input size=\"1\" type=\"email\" name=\"form_fields[email]\" id=\"form-field-email\" class=\"elementor-field elementor-size-sm  elementor-field-textual\" placeholder=\"Correo electr\u00f3nico\" required=\"required\">\n\t\t\t\t\t\t\t\t\t\t\t<\/div>\n\t\t\t\t\t\t\t\t<div class=\"elementor-field-type-textarea elementor-field-group elementor-column elementor-field-group-message elementor-col-100\">\n\t\t\t\t\t<textarea class=\"elementor-field-textual elementor-field  elementor-size-sm\" name=\"form_fields[message]\" id=\"form-field-message\" rows=\"4\" placeholder=\"Mensaje\"><\/textarea>\t\t\t\t<\/div>\n\t\t\t\t\t\t\t\t<div class=\"elementor-field-type-upload elementor-field-group elementor-column elementor-field-group-field_b8cb5e7 elementor-col-100\">\n\t\t\t\t\t\t\t\t\t\t\t\t<label for=\"form-field-field_b8cb5e7\" class=\"elementor-field-label\">\n\t\t\t\t\t\t\t\tEnviar Archivo\t\t\t\t\t\t\t<\/label>\n\t\t\t\t\t\t\t\t<input type=\"file\" name=\"form_fields[field_b8cb5e7]\" id=\"form-field-field_b8cb5e7\" class=\"elementor-field elementor-size-sm  elementor-upload-field\">\n\n\t\t\t\t\t\t<\/div>\n\t\t\t\t\t\t\t\t<div class=\"elementor-field-type-acceptance elementor-field-group elementor-column elementor-field-group-field_16e9936 elementor-col-100 elementor-field-required\">\n\t\t\t\t\t\t\t\t\t\t\t\t<label for=\"form-field-field_16e9936\" class=\"elementor-field-label\">\n\t\t\t\t\t\t\t\tConsentimiento\t\t\t\t\t\t\t<\/label>\n\t\t\t\t\t\t\t\t<div class=\"elementor-field-subgroup\">\n\t\t\t<span class=\"elementor-field-option\">\n\t\t\t\t<input type=\"checkbox\" name=\"form_fields[field_16e9936]\" id=\"form-field-field_16e9936\" class=\"elementor-field elementor-size-sm  elementor-acceptance-field\" required=\"required\">\n\t\t\t\t<label for=\"form-field-field_16e9936\">He le\u00eddo y acepto la <a href=\"https:\/\/asesoriabaer.com\/?page_id=202\" data-type=\"page\" data-id=\"202\">Pol\u00edtica de Privacidad<\/a><\/p><\/label>\t\t\t<\/span>\n\t\t<\/div>\n\t\t\t\t\t\t<\/div>\n\t\t\t\t\t\t\t\t<div class=\"elementor-field-group elementor-column elementor-field-type-submit elementor-col-100 e-form__buttons\">\n\t\t\t\t\t<button class=\"elementor-button elementor-size-sm\" type=\"submit\">\n\t\t\t\t\t\t<span class=\"elementor-button-content-wrapper\">\n\t\t\t\t\t\t\t\t\t\t\t\t\t\t\t\t\t\t\t\t\t\t<span class=\"elementor-button-text\">Enviar<\/span>\n\t\t\t\t\t\t\t\t\t\t\t\t\t<\/span>\n\t\t\t\t\t<\/button>\n\t\t\t\t<\/div>\n\t\t\t<\/div>\n\t\t<\/form>\n\t\t\t\t\t\t<\/div>\n\t\t\t\t<\/div>\n\t\t\t\t<\/div>\n\t\t\t\t\t<\/div>\n\t\t\t\t<\/div>\n\t\t<div class=\"elementor-element elementor-element-9710079 e-flex e-con-boxed e-con e-parent\" data-id=\"9710079\" data-element_type=\"container\" data-e-type=\"container\">\n\t\t\t\t\t<div class=\"e-con-inner\">\n\t\t\t\t<div class=\"elementor-element elementor-element-f45fd6e elementor-widget elementor-widget-spacer\" data-id=\"f45fd6e\" data-element_type=\"widget\" data-e-type=\"widget\" data-widget_type=\"spacer.default\">\n\t\t\t\t<div class=\"elementor-widget-container\">\n\t\t\t\t\t\t\t<div class=\"elementor-spacer\">\n\t\t\t<div class=\"elementor-spacer-inner\"><\/div>\n\t\t<\/div>\n\t\t\t\t\t\t<\/div>\n\t\t\t\t<\/div>\n\t\t\t\t\t<\/div>\n\t\t\t\t<\/div>\n\t\t\t\t<\/div>\n\t\t","protected":false},"excerpt":{"rendered":"<p>ASESORAMIENTO AL CLIENTE DESDE 1974 TODOS NUESTROS SERVICIOS POR DEPARTAMENTOS DEPARTAMENTO SEGUROS GENERALES Asesoramiento para la contrataci\u00f3n de seguros. DEPARTAMENTO FISCAL-CONTABLE Elaboramos contabilidad y presentamos libros y cuentas ante los diversos organismos as\u00ed como la presentaci\u00f3n de impuestos. DEPARTAMENTO RENTA, ESCRITURAS Y HERENCIAS Elaboraci\u00f3n de rentas. Asesoramiento. Elaboraci\u00f3n de escrituras. DEPARTAMENTO CONTRATACI\u00d3N-N\u00d3MINAS Gesti\u00f3n de contratos, [&hellip;]<\/p>\n","protected":false},"author":1,"featured_media":0,"parent":0,"menu_order":0,"comment_status":"closed","ping_status":"closed","template":"","meta":{"_joinchat":[],"footnotes":""},"class_list":["post-8","page","type-page","status-publish","hentry"],"_links":{"self":[{"href":"https:\/\/asesoriabaer.com\/index.php?rest_route=\/wp\/v2\/pages\/8","targetHints":{"allow":["GET"]}}],"collection":[{"href":"https:\/\/asesoriabaer.com\/index.php?rest_route=\/wp\/v2\/pages"}],"about":[{"href":"https:\/\/asesoriabaer.com\/index.php?rest_route=\/wp\/v2\/types\/page"}],"author":[{"embeddable":true,"href":"https:\/\/asesoriabaer.com\/index.php?rest_route=\/wp\/v2\/users\/1"}],"replies":[{"embeddable":true,"href":"https:\/\/asesoriabaer.com\/index.php?rest_route=%2Fwp%2Fv2%2Fcomments&post=8"}],"version-history":[{"count":3,"href":"https:\/\/asesoriabaer.com\/index.php?rest_route=\/wp\/v2\/pages\/8\/revisions"}],"predecessor-version":[{"id":619,"href":"https:\/\/asesoriabaer.com\/index.php?rest_route=\/wp\/v2\/pages\/8\/revisions\/619"}],"wp:attachment":[{"href":"https:\/\/asesoriabaer.com\/index.php?rest_route=%2Fwp%2Fv2%2Fmedia&parent=8"}],"curies":[{"name":"wp","href":"https:\/\/api.w.org\/{rel}","templated":true}]}}