{"id":155,"date":"2024-12-14T01:30:26","date_gmt":"2024-12-14T01:30:26","guid":{"rendered":"https:\/\/staging.asesoriabaer.com\/?page_id=155"},"modified":"2024-12-14T23:35:16","modified_gmt":"2024-12-14T23:35:16","slug":"servicios","status":"publish","type":"page","link":"https:\/\/asesoriabaer.com\/?page_id=155","title":{"rendered":"Servicios"},"content":{"rendered":"\t\t<div data-elementor-type=\"wp-page\" data-elementor-id=\"155\" class=\"elementor elementor-155\" data-elementor-post-type=\"page\">\n\t\t\t\t<div class=\"elementor-element elementor-element-9aa2ddf e-flex e-con-boxed e-con e-parent\" data-id=\"9aa2ddf\" data-element_type=\"container\" data-e-type=\"container\">\n\t\t\t\t\t<div class=\"e-con-inner\">\n\t\t<div class=\"elementor-element elementor-element-1a035b9 e-con-full e-flex e-con e-child\" data-id=\"1a035b9\" data-element_type=\"container\" data-e-type=\"container\">\n\t\t\t\t<div class=\"elementor-element elementor-element-c636baf elementor-widget elementor-widget-heading\" data-id=\"c636baf\" data-element_type=\"widget\" data-e-type=\"widget\" data-widget_type=\"heading.default\">\n\t\t\t\t<div class=\"elementor-widget-container\">\n\t\t\t\t\t<h1 class=\"elementor-heading-title elementor-size-default\">Servicios<\/h1>\t\t\t\t<\/div>\n\t\t\t\t<\/div>\n\t\t\t\t<div class=\"elementor-element elementor-element-934dd22 elementor-widget elementor-widget-heading\" data-id=\"934dd22\" data-element_type=\"widget\" data-e-type=\"widget\" data-widget_type=\"heading.default\">\n\t\t\t\t<div class=\"elementor-widget-container\">\n\t\t\t\t\t<h3 class=\"elementor-heading-title elementor-size-default\">Todos nuestros servicios por \"DEPARTAMENTOS\"<\/h3>\t\t\t\t<\/div>\n\t\t\t\t<\/div>\n\t\t<div class=\"elementor-element elementor-element-dce1f63 e-con-full e-flex e-con e-child\" data-id=\"dce1f63\" data-element_type=\"container\" data-e-type=\"container\">\n\t\t<div class=\"elementor-element elementor-element-b420f0e e-con-full e-flex e-con e-child\" data-id=\"b420f0e\" data-element_type=\"container\" data-e-type=\"container\">\n\t\t\t\t<div class=\"elementor-element elementor-element-e81b830 elementor-position-top elementor-widget elementor-widget-image-box\" data-id=\"e81b830\" data-element_type=\"widget\" data-e-type=\"widget\" data-widget_type=\"image-box.default\">\n\t\t\t\t<div class=\"elementor-widget-container\">\n\t\t\t\t\t<div class=\"elementor-image-box-wrapper\"><figure class=\"elementor-image-box-img\"><a href=\"https:\/\/asesoriabaer.com\/?page_id=146\" tabindex=\"-1\"><img fetchpriority=\"high\" decoding=\"async\" width=\"640\" height=\"640\" src=\"https:\/\/asesoriabaer.com\/wp-content\/uploads\/2024\/12\/analista-fiscal.gif\" class=\"attachment-full size-full wp-image-184\" alt=\"\" \/><\/a><\/figure><div class=\"elementor-image-box-content\"><h3 class=\"elementor-image-box-title\"><a href=\"https:\/\/asesoriabaer.com\/?page_id=146\">DEPARTAMENTO FISCAL-CONTABLE<\/a><\/h3><p class=\"elementor-image-box-description\">Elaboramos contabilidad y presentamos libros y cuentas ante los diversos organismos as\u00ed como la presentaci\u00f3n de impuestos.<\/p><\/div><\/div>\t\t\t\t<\/div>\n\t\t\t\t<\/div>\n\t\t\t\t<\/div>\n\t\t<div class=\"elementor-element elementor-element-39e21ac e-con-full e-flex e-con e-child\" data-id=\"39e21ac\" data-element_type=\"container\" data-e-type=\"container\">\n\t\t\t\t<div class=\"elementor-element elementor-element-bd7d8ad elementor-position-top elementor-widget elementor-widget-image-box\" data-id=\"bd7d8ad\" data-element_type=\"widget\" data-e-type=\"widget\" data-widget_type=\"image-box.default\">\n\t\t\t\t<div class=\"elementor-widget-container\">\n\t\t\t\t\t<div class=\"elementor-image-box-wrapper\"><figure class=\"elementor-image-box-img\"><a href=\"https:\/\/asesoriabaer.com\/?page_id=148\" tabindex=\"-1\"><img decoding=\"async\" width=\"640\" height=\"640\" src=\"https:\/\/asesoriabaer.com\/wp-content\/uploads\/2024\/12\/escudo.gif\" class=\"attachment-full size-full wp-image-180\" alt=\"\" \/><\/a><\/figure><div class=\"elementor-image-box-content\"><h3 class=\"elementor-image-box-title\"><a href=\"https:\/\/asesoriabaer.com\/?page_id=148\">DEPARTAMENTO SEGUROS GENERALES<\/a><\/h3><p class=\"elementor-image-box-description\">Asesoramiento para la contrataci\u00f3n de seguros.<\/p><\/div><\/div>\t\t\t\t<\/div>\n\t\t\t\t<\/div>\n\t\t\t\t<\/div>\n\t\t\t\t<\/div>\n\t\t<div class=\"elementor-element elementor-element-6397a98 e-con-full e-flex e-con e-child\" data-id=\"6397a98\" data-element_type=\"container\" data-e-type=\"container\">\n\t\t<div class=\"elementor-element elementor-element-dc29488 e-con-full e-flex e-con e-child\" data-id=\"dc29488\" data-element_type=\"container\" data-e-type=\"container\">\n\t\t\t\t<div class=\"elementor-element elementor-element-ce17f4c elementor-position-top elementor-widget elementor-widget-image-box\" data-id=\"ce17f4c\" data-element_type=\"widget\" data-e-type=\"widget\" data-widget_type=\"image-box.default\">\n\t\t\t\t<div class=\"elementor-widget-container\">\n\t\t\t\t\t<div class=\"elementor-image-box-wrapper\"><figure class=\"elementor-image-box-img\"><a href=\"https:\/\/asesoriabaer.com\/?page_id=153\" tabindex=\"-1\"><img decoding=\"async\" width=\"640\" height=\"640\" src=\"https:\/\/asesoriabaer.com\/wp-content\/uploads\/2024\/12\/contenido.gif\" class=\"attachment-full size-full wp-image-186\" alt=\"\" \/><\/a><\/figure><div class=\"elementor-image-box-content\"><h3 class=\"elementor-image-box-title\"><a href=\"https:\/\/asesoriabaer.com\/?page_id=153\">DEPARTAMENTO RENTA, ESCRITURAS Y HERENCIAS<\/a><\/h3><p class=\"elementor-image-box-description\">Elaboraci\u00f3n de rentas. Asesoramiento. Elaboraci\u00f3n de escrituras.<\/p><\/div><\/div>\t\t\t\t<\/div>\n\t\t\t\t<\/div>\n\t\t\t\t<\/div>\n\t\t<div class=\"elementor-element elementor-element-e5dcc7e e-con-full e-flex e-con e-child\" data-id=\"e5dcc7e\" data-element_type=\"container\" data-e-type=\"container\">\n\t\t\t\t<div class=\"elementor-element elementor-element-8387455 elementor-position-top elementor-widget elementor-widget-image-box\" data-id=\"8387455\" data-element_type=\"widget\" data-e-type=\"widget\" data-widget_type=\"image-box.default\">\n\t\t\t\t<div class=\"elementor-widget-container\">\n\t\t\t\t\t<div class=\"elementor-image-box-wrapper\"><figure class=\"elementor-image-box-img\"><a href=\"https:\/\/asesoriabaer.com\/?page_id=151\" tabindex=\"-1\"><img loading=\"lazy\" decoding=\"async\" width=\"640\" height=\"640\" src=\"https:\/\/asesoriabaer.com\/wp-content\/uploads\/2024\/12\/recursos-humanos.gif\" class=\"attachment-full size-full wp-image-187\" alt=\"\" \/><\/a><\/figure><div class=\"elementor-image-box-content\"><h3 class=\"elementor-image-box-title\"><a href=\"https:\/\/asesoriabaer.com\/?page_id=151\">DEPARTAMENTO CONTRATACI\u00d3N-N\u00d3MINAS<\/a><\/h3><p class=\"elementor-image-box-description\">Gesti\u00f3n de contratos, n\u00f3minas y seguridad social. Asesoramiento laboral.<\/p><\/div><\/div>\t\t\t\t<\/div>\n\t\t\t\t<\/div>\n\t\t\t\t<\/div>\n\t\t\t\t<\/div>\n\t\t\t\t<\/div>\n\t\t<div class=\"elementor-element elementor-element-be0bae7 e-con-full elementor-hidden-tablet elementor-hidden-mobile e-flex e-con e-child\" data-id=\"be0bae7\" data-element_type=\"container\" data-e-type=\"container\">\n\t\t\t\t<div class=\"elementor-element elementor-element-e056400 elementor-widget elementor-widget-image\" data-id=\"e056400\" data-element_type=\"widget\" data-e-type=\"widget\" data-widget_type=\"image.default\">\n\t\t\t\t<div class=\"elementor-widget-container\">\n\t\t\t\t\t\t\t\t\t\t\t\t\t\t\t<img loading=\"lazy\" decoding=\"async\" width=\"800\" height=\"808\" src=\"https:\/\/asesoriabaer.com\/wp-content\/uploads\/2024\/12\/BAER-ASESORIA-TIPOS-ASESORAMIENTO-1014x1024.webp\" class=\"attachment-large size-large wp-image-215\" alt=\"\" srcset=\"https:\/\/asesoriabaer.com\/wp-content\/uploads\/2024\/12\/BAER-ASESORIA-TIPOS-ASESORAMIENTO-1014x1024.webp 1014w, https:\/\/asesoriabaer.com\/wp-content\/uploads\/2024\/12\/BAER-ASESORIA-TIPOS-ASESORAMIENTO-297x300.webp 297w, https:\/\/asesoriabaer.com\/wp-content\/uploads\/2024\/12\/BAER-ASESORIA-TIPOS-ASESORAMIENTO-768x776.webp 768w, https:\/\/asesoriabaer.com\/wp-content\/uploads\/2024\/12\/BAER-ASESORIA-TIPOS-ASESORAMIENTO-1520x1536.webp 1520w, https:\/\/asesoriabaer.com\/wp-content\/uploads\/2024\/12\/BAER-ASESORIA-TIPOS-ASESORAMIENTO.webp 1858w\" sizes=\"(max-width: 800px) 100vw, 800px\" \/>\t\t\t\t\t\t\t\t\t\t\t\t\t\t\t<\/div>\n\t\t\t\t<\/div>\n\t\t\t\t<\/div>\n\t\t\t\t\t<\/div>\n\t\t\t\t<\/div>\n\t\t<div class=\"elementor-element elementor-element-a19f1bf e-flex e-con-boxed e-con e-parent\" data-id=\"a19f1bf\" data-element_type=\"container\" data-e-type=\"container\">\n\t\t\t\t\t<div class=\"e-con-inner\">\n\t\t\t\t<div class=\"elementor-element elementor-element-fb1b5e5 elementor-widget elementor-widget-spacer\" data-id=\"fb1b5e5\" data-element_type=\"widget\" data-e-type=\"widget\" data-widget_type=\"spacer.default\">\n\t\t\t\t<div class=\"elementor-widget-container\">\n\t\t\t\t\t\t\t<div class=\"elementor-spacer\">\n\t\t\t<div class=\"elementor-spacer-inner\"><\/div>\n\t\t<\/div>\n\t\t\t\t\t\t<\/div>\n\t\t\t\t<\/div>\n\t\t\t\t\t<\/div>\n\t\t\t\t<\/div>\n\t\t\t\t<\/div>\n\t\t","protected":false},"excerpt":{"rendered":"<p>Todos nuestros servicios por \u00abDEPARTAMENTOS\u00bb DEPARTAMENTO FISCAL-CONTABLE Elaboramos contabilidad y presentamos libros y cuentas ante los diversos organismos as\u00ed como la presentaci\u00f3n de impuestos. DEPARTAMENTO SEGUROS GENERALES Asesoramiento para la contrataci\u00f3n de seguros. DEPARTAMENTO RENTA, ESCRITURAS Y HERENCIAS Elaboraci\u00f3n de rentas. Asesoramiento. Elaboraci\u00f3n de escrituras. DEPARTAMENTO CONTRATACI\u00d3N-N\u00d3MINAS Gesti\u00f3n de contratos, n\u00f3minas y seguridad social. Asesoramiento [&hellip;]<\/p>\n","protected":false},"author":1,"featured_media":0,"parent":0,"menu_order":0,"comment_status":"closed","ping_status":"closed","template":"","meta":{"_joinchat":[],"footnotes":""},"class_list":["post-155","page","type-page","status-publish","hentry"],"_links":{"self":[{"href":"https:\/\/asesoriabaer.com\/index.php?rest_route=\/wp\/v2\/pages\/155","targetHints":{"allow":["GET"]}}],"collection":[{"href":"https:\/\/asesoriabaer.com\/index.php?rest_route=\/wp\/v2\/pages"}],"about":[{"href":"https:\/\/asesoriabaer.com\/index.php?rest_route=\/wp\/v2\/types\/page"}],"author":[{"embeddable":true,"href":"https:\/\/asesoriabaer.com\/index.php?rest_route=\/wp\/v2\/users\/1"}],"replies":[{"embeddable":true,"href":"https:\/\/asesoriabaer.com\/index.php?rest_route=%2Fwp%2Fv2%2Fcomments&post=155"}],"version-history":[{"count":0,"href":"https:\/\/asesoriabaer.com\/index.php?rest_route=\/wp\/v2\/pages\/155\/revisions"}],"wp:attachment":[{"href":"https:\/\/asesoriabaer.com\/index.php?rest_route=%2Fwp%2Fv2%2Fmedia&parent=155"}],"curies":[{"name":"wp","href":"https:\/\/api.w.org\/{rel}","templated":true}]}}